{"id":2,"date":"2023-06-19T17:20:42","date_gmt":"2023-06-19T17:20:42","guid":{"rendered":"http:\/\/clinicadentalpremiumsmile.es\/?page_id=2"},"modified":"2023-08-07T10:16:01","modified_gmt":"2023-08-07T10:16:01","slug":"blog","status":"publish","type":"page","link":"https:\/\/clinicadentalpremiumsmile.es\/index.php\/blog\/","title":{"rendered":"PAGINA INICIO BLOG"},"content":{"rendered":"\n<p><\/p>\n\n\n\n<div class=\"wp-block-uagb-container uagb-block-c7fbd224 alignfull uagb-is-root-container\"><div class=\"uagb-container-inner-blocks-wrap\">\n<div class=\"wp-block-uagb-container uagb-block-37268f4a\">\n<div class=\"wp-block-uagb-advanced-heading uagb-block-bd116ed7\"><h1 class=\"uagb-heading-text\">el abc para una sonrisa radiante<\/h1><p class=\"uagb-desc-text\">\u00a1Sum\u00e9rgete en nuestros art\u00edculos y aprende sobre salud bucal de la mano de expertos!<\/p><\/div>\n<\/div>\n<\/div><\/div>\n\n\n\n<div class=\"wp-block-uagb-container uagb-block-a9b5ea9d alignfull uagb-is-root-container\"><div class=\"uagb-container-inner-blocks-wrap\">\n<div class=\"wp-block-uagb-container uagb-block-c1a2eac7\">\n\t\t\t<div class=\"wp-block-uagb-post-grid uagb-post-grid  uagb-post__image-position-top uagb-post__image-enabled uagb-block-b4d64b0c     uagb-post__items uagb-post__columns-2 is-grid uagb-post__columns-tablet-2 uagb-post__columns-mobile-1 uagb-post__equal-height\" data-total=\"1\" style=\"\">\n\n\t\t\t\t\t\t\t\t\t\t\t\t<article class=\"uagb-post__inner-wrap\">\t\t\t\t\t\t\t\t<div class='uagb-post__image'>\n\t\t\t\t\t\t\t\t\t<a href=\"https:\/\/clinicadentalpremiumsmile.es\/index.php\/2023\/06\/19\/sonrie-sin-preocupaciones-servicios-dentales-para-mantener-tu-salud-bucal\/\" target=\"_self\" rel=\"bookmark noopener noreferrer\" class='uagb-image-ratio-inherit'><img width=\"1024\" height=\"769\" src=\"https:\/\/clinicadentalpremiumsmile.es\/wp-content\/uploads\/2023\/06\/Diseno_sin_titulo-1024x769.jpg\" class=\"attachment-large size-large\" alt=\"\" decoding=\"async\" loading=\"lazy\" srcset=\"https:\/\/clinicadentalpremiumsmile.es\/wp-content\/uploads\/2023\/06\/Diseno_sin_titulo-1024x769.jpg 1024w, https:\/\/clinicadentalpremiumsmile.es\/wp-content\/uploads\/2023\/06\/Diseno_sin_titulo-300x225.jpg 300w, https:\/\/clinicadentalpremiumsmile.es\/wp-content\/uploads\/2023\/06\/Diseno_sin_titulo-768x577.jpg 768w, https:\/\/clinicadentalpremiumsmile.es\/wp-content\/uploads\/2023\/06\/Diseno_sin_titulo.jpg 1536w\" sizes=\"(max-width: 1024px) 100vw, 1024px\" \/>\t\t\t\t\t<\/a>\n\t\t\t\t\t\t\t<\/div>\n\t\t\t\t\t\t<h4 class=\"uagb-post__title uagb-post__text\">\n\t\t\t\t<a href=\"https:\/\/clinicadentalpremiumsmile.es\/index.php\/2023\/06\/19\/sonrie-sin-preocupaciones-servicios-dentales-para-mantener-tu-salud-bucal\/\" target=\"_self\" rel=\"bookmark noopener noreferrer\">Sonr\u00ede sin preocupaciones: servicios dentales para mantener tu salud bucal<\/a>\n\t\t\t<\/h4>\n\t\t\t\t\t\t<div class='uagb-post__text uagb-post-grid-byline'>\n\t\t\t\t\t\t\t\t<time datetime=\"2023-06-19T18:05:21+00:00\" class=\"uagb-post__date\">\n\t\t\t\t\t\t\t\t\t19 de junio de 2023\t\t\t\t<\/time>\n\t\t\t\t\t\t<\/div>\n\t\t\t\t\t\t\t<div class='uagb-post__text uagb-post__excerpt'>\n\t\t\t\t\t<p>Tratamiento de las lesiones dentales Cuidar de nuestra salud dental es esencial para disfrutar de&#8230;\t\t\t\t<\/div>\n\t\t\t\t\t\t<div class=\"uagb-post__text uagb-post__cta wp-block-button\">\n\t\t\t\t<a class=\"wp-block-button__link uagb-text-link\" href=\"https:\/\/clinicadentalpremiumsmile.es\/index.php\/2023\/06\/19\/sonrie-sin-preocupaciones-servicios-dentales-para-mantener-tu-salud-bucal\/\" target=\"_self\" rel=\"bookmark noopener noreferrer\">Leer m\u00e1s<\/a>\n\t\t\t<\/div>\n\t\t\t\t\t\t\t\t\t\t\t\t<\/article>\n\t\t\t\t\t\t\t\t\t\t\t\t\t\t\t\t<article class=\"uagb-post__inner-wrap\">\t\t\t\t\t\t\t\t<div class='uagb-post__image'>\n\t\t\t\t\t\t\t\t\t<a href=\"https:\/\/clinicadentalpremiumsmile.es\/index.php\/2023\/06\/19\/sonrisas-saludables-para-toda-la-familia-nuestros-servicios-dentales-especializados\/\" target=\"_self\" rel=\"bookmark noopener noreferrer\" class='uagb-image-ratio-inherit'><img width=\"1024\" height=\"769\" src=\"https:\/\/clinicadentalpremiumsmile.es\/wp-content\/uploads\/2023\/06\/2-1024x769.jpg\" class=\"attachment-large size-large\" alt=\"\" decoding=\"async\" loading=\"lazy\" srcset=\"https:\/\/clinicadentalpremiumsmile.es\/wp-content\/uploads\/2023\/06\/2-1024x769.jpg 1024w, https:\/\/clinicadentalpremiumsmile.es\/wp-content\/uploads\/2023\/06\/2-300x225.jpg 300w, https:\/\/clinicadentalpremiumsmile.es\/wp-content\/uploads\/2023\/06\/2-768x577.jpg 768w, https:\/\/clinicadentalpremiumsmile.es\/wp-content\/uploads\/2023\/06\/2.jpg 1536w\" sizes=\"(max-width: 1024px) 100vw, 1024px\" \/>\t\t\t\t\t<\/a>\n\t\t\t\t\t\t\t<\/div>\n\t\t\t\t\t\t<h4 class=\"uagb-post__title uagb-post__text\">\n\t\t\t\t<a href=\"https:\/\/clinicadentalpremiumsmile.es\/index.php\/2023\/06\/19\/sonrisas-saludables-para-toda-la-familia-nuestros-servicios-dentales-especializados\/\" target=\"_self\" rel=\"bookmark noopener noreferrer\">Sonrisas saludables para toda la familia: Nuestros servicios especializados<\/a>\n\t\t\t<\/h4>\n\t\t\t\t\t\t<div class='uagb-post__text uagb-post-grid-byline'>\n\t\t\t\t\t\t\t\t<time datetime=\"2023-06-19T18:05:19+00:00\" class=\"uagb-post__date\">\n\t\t\t\t\t\t\t\t\t19 de junio de 2023\t\t\t\t<\/time>\n\t\t\t\t\t\t<\/div>\n\t\t\t\t\t\t\t<div class='uagb-post__text uagb-post__excerpt'>\n\t\t\t\t\t<p>Una cl\u00ednica dental que cuida de tu sonrisa En nuestra cl\u00ednica dental especializada, nos apasiona&#8230;\t\t\t\t<\/div>\n\t\t\t\t\t\t<div class=\"uagb-post__text uagb-post__cta wp-block-button\">\n\t\t\t\t<a class=\"wp-block-button__link uagb-text-link\" href=\"https:\/\/clinicadentalpremiumsmile.es\/index.php\/2023\/06\/19\/sonrisas-saludables-para-toda-la-familia-nuestros-servicios-dentales-especializados\/\" target=\"_self\" rel=\"bookmark noopener noreferrer\">Leer m\u00e1s<\/a>\n\t\t\t<\/div>\n\t\t\t\t\t\t\t\t\t\t\t\t<\/article>\n\t\t\t\t\t\t\t\t\t\t\t\t\t\t\t\t<article class=\"uagb-post__inner-wrap\">\t\t\t\t\t\t\t\t<div class='uagb-post__image'>\n\t\t\t\t\t\t\t\t\t<a href=\"https:\/\/clinicadentalpremiumsmile.es\/index.php\/2023\/06\/19\/como-mantener-una-sonrisa-saludable-consejos-para-cuidar-tus-dientes\/\" target=\"_self\" rel=\"bookmark noopener noreferrer\" class='uagb-image-ratio-inherit'><img width=\"1024\" height=\"769\" src=\"https:\/\/clinicadentalpremiumsmile.es\/wp-content\/uploads\/2023\/06\/1-1024x769.jpg\" class=\"attachment-large size-large\" alt=\"\" decoding=\"async\" loading=\"lazy\" srcset=\"https:\/\/clinicadentalpremiumsmile.es\/wp-content\/uploads\/2023\/06\/1-1024x769.jpg 1024w, https:\/\/clinicadentalpremiumsmile.es\/wp-content\/uploads\/2023\/06\/1-300x225.jpg 300w, https:\/\/clinicadentalpremiumsmile.es\/wp-content\/uploads\/2023\/06\/1-768x577.jpg 768w, https:\/\/clinicadentalpremiumsmile.es\/wp-content\/uploads\/2023\/06\/1.jpg 1536w\" sizes=\"(max-width: 1024px) 100vw, 1024px\" \/>\t\t\t\t\t<\/a>\n\t\t\t\t\t\t\t<\/div>\n\t\t\t\t\t\t<h4 class=\"uagb-post__title uagb-post__text\">\n\t\t\t\t<a href=\"https:\/\/clinicadentalpremiumsmile.es\/index.php\/2023\/06\/19\/como-mantener-una-sonrisa-saludable-consejos-para-cuidar-tus-dientes\/\" target=\"_self\" rel=\"bookmark noopener noreferrer\">C\u00f3mo mantener una sonrisa saludable: consejos para cuidar tus dientes<\/a>\n\t\t\t<\/h4>\n\t\t\t\t\t\t<div class='uagb-post__text uagb-post-grid-byline'>\n\t\t\t\t\t\t\t\t<time datetime=\"2023-06-19T17:23:54+00:00\" class=\"uagb-post__date\">\n\t\t\t\t\t\t\t\t\t19 de junio de 2023\t\t\t\t<\/time>\n\t\t\t\t\t\t<\/div>\n\t\t\t\t\t\t\t<div class='uagb-post__text uagb-post__excerpt'>\n\t\t\t\t\t<p>La importancia de una buena salud dental Tener una sonrisa saludable es fundamental para nuestra&#8230;\t\t\t\t<\/div>\n\t\t\t\t\t\t<div class=\"uagb-post__text uagb-post__cta wp-block-button\">\n\t\t\t\t<a class=\"wp-block-button__link uagb-text-link\" href=\"https:\/\/clinicadentalpremiumsmile.es\/index.php\/2023\/06\/19\/como-mantener-una-sonrisa-saludable-consejos-para-cuidar-tus-dientes\/\" target=\"_self\" rel=\"bookmark noopener noreferrer\">Leer m\u00e1s<\/a>\n\t\t\t<\/div>\n\t\t\t\t\t\t\t\t\t\t\t\t<\/article>\n\t\t\t\t\t\t\t\t\t\t\t\t\t\t\t\t<article class=\"uagb-post__inner-wrap\">\t\t\t\t\t\t\t\t<div class='uagb-post__image'>\n\t\t\t\t\t\t\t\t\t<a href=\"https:\/\/clinicadentalpremiumsmile.es\/index.php\/2023\/06\/19\/cuida-de-tu-sonrisa-con-nuestros-servicios-dentales-especializados\/\" target=\"_self\" rel=\"bookmark noopener noreferrer\" class='uagb-image-ratio-inherit'><img width=\"1024\" height=\"769\" src=\"https:\/\/clinicadentalpremiumsmile.es\/wp-content\/uploads\/2023\/06\/3-1024x769.jpg\" class=\"attachment-large size-large\" alt=\"\" decoding=\"async\" loading=\"lazy\" srcset=\"https:\/\/clinicadentalpremiumsmile.es\/wp-content\/uploads\/2023\/06\/3-1024x769.jpg 1024w, https:\/\/clinicadentalpremiumsmile.es\/wp-content\/uploads\/2023\/06\/3-300x225.jpg 300w, https:\/\/clinicadentalpremiumsmile.es\/wp-content\/uploads\/2023\/06\/3-768x577.jpg 768w, https:\/\/clinicadentalpremiumsmile.es\/wp-content\/uploads\/2023\/06\/3.jpg 1536w\" sizes=\"(max-width: 1024px) 100vw, 1024px\" \/>\t\t\t\t\t<\/a>\n\t\t\t\t\t\t\t<\/div>\n\t\t\t\t\t\t<h4 class=\"uagb-post__title uagb-post__text\">\n\t\t\t\t<a href=\"https:\/\/clinicadentalpremiumsmile.es\/index.php\/2023\/06\/19\/cuida-de-tu-sonrisa-con-nuestros-servicios-dentales-especializados\/\" target=\"_self\" rel=\"bookmark noopener noreferrer\">\u00a1Cuida de tu sonrisa con nuestros servicios dentales especializados!<\/a>\n\t\t\t<\/h4>\n\t\t\t\t\t\t<div class='uagb-post__text uagb-post-grid-byline'>\n\t\t\t\t\t\t\t\t<time datetime=\"2023-06-19T17:23:52+00:00\" class=\"uagb-post__date\">\n\t\t\t\t\t\t\t\t\t19 de junio de 2023\t\t\t\t<\/time>\n\t\t\t\t\t\t<\/div>\n\t\t\t\t\t\t\t<div class='uagb-post__text uagb-post__excerpt'>\n\t\t\t\t\t<p>Tratamiento de las lesiones dentales En nuestra cl\u00ednica dental especializada, nos preocupamos por la salud&#8230;\t\t\t\t<\/div>\n\t\t\t\t\t\t<div class=\"uagb-post__text uagb-post__cta wp-block-button\">\n\t\t\t\t<a class=\"wp-block-button__link uagb-text-link\" href=\"https:\/\/clinicadentalpremiumsmile.es\/index.php\/2023\/06\/19\/cuida-de-tu-sonrisa-con-nuestros-servicios-dentales-especializados\/\" target=\"_self\" rel=\"bookmark noopener noreferrer\">Leer m\u00e1s<\/a>\n\t\t\t<\/div>\n\t\t\t\t\t\t\t\t\t\t\t\t<\/article>\n\t\t\t\t\t\t\t\t\t\t\t<\/div>\n\t\t\t<\/div>\n<\/div><\/div>\n\n\n\n<div class=\"wp-block-uagb-container uagb-block-2b5bdf85 alignfull uagb-is-root-container\"><div class=\"uagb-container-inner-blocks-wrap\">\n<div class=\"wp-block-uagb-container uagb-block-0ee9cf34\">\n<div class=\"wp-block-uagb-advanced-heading uagb-block-deb7db5e\"><h3 class=\"uagb-heading-text\">Suscr\u00edbete y no te pierdas ninguno de nuestros art\u00edculos<\/h3><\/div>\n<\/div>\n\n\n\n<div class=\"wp-block-uagb-container uagb-block-8e5f455f\"><div class=\"wpforms-container wpforms-block wpforms-block-4d1bfb64-c686-4119-a490-270603b7e389 inline-fields\" id=\"wpforms-1102\"><form id=\"wpforms-form-1102\" class=\"wpforms-validate wpforms-form\" data-formid=\"1102\" method=\"post\" enctype=\"multipart\/form-data\" action=\"\/index.php\/wp-json\/wp\/v2\/pages\/2\" data-token=\"157630a2a294e44ec56a04deb8ce0cf8\"><noscript class=\"wpforms-error-noscript\">Por favor, activa JavaScript en tu navegador para completar este formulario.<\/noscript><div class=\"wpforms-field-container\"><div id=\"wpforms-1102-field_1-container\" class=\"wpforms-field wpforms-field-email inline-fields\" data-field-id=\"1\"><label class=\"wpforms-field-label wpforms-label-hide\" for=\"wpforms-1102-field_1\">Email <span class=\"wpforms-required-label\">*<\/span><\/label><input type=\"email\" id=\"wpforms-1102-field_1\" class=\"wpforms-field-large wpforms-field-required\" name=\"wpforms[fields][1]\" placeholder=\"Ingresa tu direcci\u00f3n de Email\" spellcheck=\"false\" required><\/div><\/div><!-- .wpforms-field-container --><div class=\"wpforms-field wpforms-field-hp\"><label for=\"wpforms-1102-field-hp\" class=\"wpforms-field-label\">Website<\/label><input type=\"text\" name=\"wpforms[hp]\" id=\"wpforms-1102-field-hp\" class=\"wpforms-field-medium\"><\/div><div class=\"wpforms-submit-container\" ><input type=\"hidden\" name=\"wpforms[id]\" value=\"1102\"><input type=\"hidden\" name=\"wpforms[author]\" value=\"1\"><button type=\"submit\" name=\"wpforms[submit]\" id=\"wpforms-submit-1102\" class=\"wpforms-submit inline-fields\" data-alt-text=\"Enviando\" data-submit-text=\"Subscr\u00edbete\" aria-live=\"assertive\" value=\"wpforms-submit\">Subscr\u00edbete<\/button><\/div><\/form><\/div>  <!-- .wpforms-container --><\/div>\n<\/div><\/div>\n","protected":false},"excerpt":{"rendered":"<p>el abc para una sonrisa radiante \u00a1Sum\u00e9rgete en nuestros art\u00edculos y aprende sobre salud bucal de la mano de expertos! Suscr\u00edbete y no te pierdas ninguno de nuestros art\u00edculos<\/p>\n","protected":false},"author":1,"featured_media":0,"parent":0,"menu_order":0,"comment_status":"closed","ping_status":"closed","template":"","meta":{"_uag_custom_page_level_css":"","site-sidebar-layout":"no-sidebar","site-content-layout":"page-builder","ast-global-header-display":"","ast-banner-title-visibility":"","ast-main-header-display":"","ast-hfb-above-header-display":"","ast-hfb-below-header-display":"","ast-hfb-mobile-header-display":"","site-post-title":"disabled","ast-breadcrumbs-content":"","ast-featured-img":"disabled","footer-sml-layout":"","theme-transparent-header-meta":"","adv-header-id-meta":"","stick-header-meta":"","header-above-stick-meta":"","header-main-stick-meta":"","header-below-stick-meta":""},"uagb_featured_image_src":{"full":false,"thumbnail":false,"medium":false,"medium_large":false,"large":false,"1536x1536":false,"2048x2048":false},"uagb_author_info":{"display_name":"Premium Smile","author_link":"https:\/\/clinicadentalpremiumsmile.es\/index.php\/author\/clinicadentalpremiumsmile-es\/"},"uagb_comment_info":0,"uagb_excerpt":"el abc para una sonrisa radiante \u00a1Sum\u00e9rgete en nuestros art\u00edculos y aprende sobre salud bucal de la mano de expertos! Suscr\u00edbete y no te pierdas ninguno de nuestros art\u00edculos","_links":{"self":[{"href":"https:\/\/clinicadentalpremiumsmile.es\/index.php\/wp-json\/wp\/v2\/pages\/2"}],"collection":[{"href":"https:\/\/clinicadentalpremiumsmile.es\/index.php\/wp-json\/wp\/v2\/pages"}],"about":[{"href":"https:\/\/clinicadentalpremiumsmile.es\/index.php\/wp-json\/wp\/v2\/types\/page"}],"author":[{"embeddable":true,"href":"https:\/\/clinicadentalpremiumsmile.es\/index.php\/wp-json\/wp\/v2\/users\/1"}],"replies":[{"embeddable":true,"href":"https:\/\/clinicadentalpremiumsmile.es\/index.php\/wp-json\/wp\/v2\/comments?post=2"}],"version-history":[{"count":15,"href":"https:\/\/clinicadentalpremiumsmile.es\/index.php\/wp-json\/wp\/v2\/pages\/2\/revisions"}],"predecessor-version":[{"id":1135,"href":"https:\/\/clinicadentalpremiumsmile.es\/index.php\/wp-json\/wp\/v2\/pages\/2\/revisions\/1135"}],"wp:attachment":[{"href":"https:\/\/clinicadentalpremiumsmile.es\/index.php\/wp-json\/wp\/v2\/media?parent=2"}],"curies":[{"name":"wp","href":"https:\/\/api.w.org\/{rel}","templated":true}]}}